{"id":31,"date":"2014-03-21T15:00:17","date_gmt":"2014-03-21T14:00:17","guid":{"rendered":"https:\/\/node165994-env-6762686.jcloud-ver-jpc.ik-server.com\/wbs\/?post_type=product&#038;p=31"},"modified":"2015-05-08T13:27:31","modified_gmt":"2015-05-08T12:27:31","slug":"die-moralische-intuition","status":"publish","type":"product","link":"https:\/\/jakchosverlag.ch\/wbs\/product\/die-moralische-intuition","title":{"rendered":"DIE MORALISCHE INTUITION"},"content":{"rendered":"<blockquote><p><span style=\"color: #993300;\">\u00abWodurch k\u00f6nnen wir eine Intuition erlangen, die nicht nur im ideellen Sinne moralisch ist, sondern die auch der konkret vorhandenen Situation gerecht wird? Das ist eine Frage, an deren Antwort entschieden wird, ob eine Idee im Leben einen wirklichen moralischen Wert aufweisen kann oder nicht.\u00bb<\/span><\/p><\/blockquote>\n<p><span style=\"color: #000000;\">In der \u00abPhilosophie der Freiheit\u00bb Rudolf Steiners kristallisiert sich eine einzigartige Freiheitsidee als Weiterf\u00fchrung seiner goetheanistischen Erkenntnistheorie. Die Kr\u00f6nung dieses Werks ist die\u00a0<em>moralische Intuition<\/em>. Sie ist eine sch\u00f6pferisch-moralische Idee, die in einem Menschen situationsgerecht geboren wird. Sie besitzt nicht nur einen allgemeinen, sondern auch einen ausgesprochen individuellen Charakter, denn sie ist mit seinem Denken, F\u00fchlen und auch mit seinem eigenen Wollen innig und tief verbunden. Um sie zu erlangen, muss der Mensch sich allerdings von inneren und \u00e4usseren Zw\u00e4ngen befreien.<\/span><\/p>\n<p><span style=\"color: #000000;\">Der Weg zur\u00a0<em>moralischen Intuition<\/em>, der in der vorliegenden Schrift aufgezeigt wird, beginnt mit der Auseinandersetzung mit dem kategorischen Imperativ Kants. Nach der anschliessenden Ausf\u00fchrung \u00fcber die Gesichtspunkte zu einer Forschung an der Charakteranlage f\u00fchrt uns die Autorin \u00fcber einen vierstufigen Erkenntnisprozess zur Geburt der\u00a0<em>moralischen Intuition<\/em>.<\/span><\/p>\n<p><span style=\"color: #000000;\"><strong>Junko Althaus<\/strong>, geboren 1966 in Japan. Seit 2005 arbeitet sie in der Schule Jakchos in Z\u00fcrich mit ihrem Mann Christian Althaus. Ihre erste Schrift \u00abHerz orientierte Biographiearbeit\u00bb erschien 2011 in Tokyo in japanischer Sprache.<\/span><\/p>\n<div><\/div>\n<div><\/div>\n<div>\n<p><strong><strong><strong><strong><strong><strong><strong><strong><span style=\"color: #808080;\">\u25be<\/span>\u00a0<span style=\"color: #993300;\">Inhalt der Schrift<\/span><\/strong><\/strong><\/strong><\/strong><\/strong><\/strong><\/strong><\/strong><\/p>\n<\/div>\n<div><strong>Erster Teil \/\u00a0<span style=\"color: #808080;\">Theoretische Grundlage als Vorbereitung der moralischen Intuitio<\/span><span style=\"color: #888888;\">n<\/span><\/strong><\/div>\n<div><\/div>\n<div style=\"padding-left: 30px;\"><strong><strong><strong><strong><strong><strong><strong><br \/>\nEinf\u00fchrung<\/strong><\/strong><\/strong><\/strong><\/strong><\/strong><\/strong>&nbsp;<\/p>\n<\/div>\n<div style=\"padding-left: 30px;\"><strong>Kapitel 1<\/strong>: Vom kategorischen Imperativ Kants zur \u00abPhilosophie der Freiheit\u00bb Rudolf Steiners<br \/>\n<strong><br \/>\nKapitel 2<\/strong>: Die Handlungsmuster und die moralische Intuition im Sinne der \u00abPhilosophie der Freiheit\u00bb Rudolf Steiners<\/p>\n<p><strong><strong><strong><strong>Betrachtung zum Abschluss des ersten Teils<\/strong><\/strong><\/strong><\/strong><\/p>\n<\/div>\n<div style=\"padding-left: 30px;\"><\/div>\n<div><\/div>\n<div><\/div>\n<div><strong>Zweiter Teil \/\u00a0<span style=\"color: #808080;\">Erkenntnisprozess der moralischen Intuition<\/span><\/strong><\/div>\n<div><\/div>\n<div style=\"padding-left: 30px;\"><strong><br \/>\nKapitel 3<\/strong>: Die vier Stufen zur moralischen Intuition<\/div>\n<div><\/div>\n<p>&nbsp;<\/p>\n","protected":false},"excerpt":{"rendered":"<p>Anleitung zu einem Erkenntnisprozess auf Grundlage der \u00abPhilosophie der Freiheit\u00bb Rudolf Steiners<\/p>\n<p><strong>Junko Althaus<\/strong><\/p>\n<p>Leinen gebunden, 144 Seiten<br \/>\nISBN: 978-3-906160-12-2<\/p>\n","protected":false},"featured_media":34,"comment_status":"closed","ping_status":"closed","template":"","meta":[],"product_brand":[],"product_cat":[23],"product_tag":[],"class_list":{"0":"post-31","1":"product","2":"type-product","3":"status-publish","4":"has-post-thumbnail","6":"product_cat-unkategorisiert","8":"first","9":"instock","10":"shipping-taxable","11":"purchasable","12":"product-type-simple"},"_links":{"self":[{"href":"https:\/\/jakchosverlag.ch\/wbs\/wp-json\/wp\/v2\/product\/31"}],"collection":[{"href":"https:\/\/jakchosverlag.ch\/wbs\/wp-json\/wp\/v2\/product"}],"about":[{"href":"https:\/\/jakchosverlag.ch\/wbs\/wp-json\/wp\/v2\/types\/product"}],"replies":[{"embeddable":true,"href":"https:\/\/jakchosverlag.ch\/wbs\/wp-json\/wp\/v2\/comments?post=31"}],"wp:featuredmedia":[{"embeddable":true,"href":"https:\/\/jakchosverlag.ch\/wbs\/wp-json\/wp\/v2\/media\/34"}],"wp:attachment":[{"href":"https:\/\/jakchosverlag.ch\/wbs\/wp-json\/wp\/v2\/media?parent=31"}],"wp:term":[{"taxonomy":"product_brand","embeddable":true,"href":"https:\/\/jakchosverlag.ch\/wbs\/wp-json\/wp\/v2\/product_brand?post=31"},{"taxonomy":"product_cat","embeddable":true,"href":"https:\/\/jakchosverlag.ch\/wbs\/wp-json\/wp\/v2\/product_cat?post=31"},{"taxonomy":"product_tag","embeddable":true,"href":"https:\/\/jakchosverlag.ch\/wbs\/wp-json\/wp\/v2\/product_tag?post=31"}],"curies":[{"name":"wp","href":"https:\/\/api.w.org\/{rel}","templated":true}]}}