{"id":269,"date":"2019-09-26T10:26:48","date_gmt":"2019-09-26T09:26:48","guid":{"rendered":"https:\/\/node165994-env-6762686.jcloud-ver-jpc.ik-server.com\/?post_type=product&#038;p=269"},"modified":"2019-10-09T07:11:30","modified_gmt":"2019-10-09T06:11:30","slug":"durch-wen-sprach-der-maitreya-bodhisattva-im-20-jahrhundert","status":"publish","type":"product","link":"https:\/\/jakchosverlag.ch\/wbs\/product\/durch-wen-sprach-der-maitreya-bodhisattva-im-20-jahrhundert","title":{"rendered":"Durch wen sprach der Maitreya Bodhisattva im 20. Jahrhundert?"},"content":{"rendered":"<h3 style=\"text-align: left;\"><span style=\"color: #000000;\"><a href=\"https:\/\/node165994-env-6762686.jcloud-ver-jpc.ik-server.com\/wbs\/wp-content\/uploads\/2019\/09\/Buch_Titel_Althaus-e1569491387579.jpg\"><img loading=\"lazy\" decoding=\"async\" class=\"alignleft size-medium wp-image-270\" src=\"https:\/\/node165994-env-6762686.jcloud-ver-jpc.ik-server.com\/wbs\/wp-content\/uploads\/2019\/09\/Buch_Titel_Althaus-211x300.jpg\" alt=\"Layout 1\" width=\"211\" height=\"300\" \/><\/a><span style=\"color: #666699;\">\u00abWer das Werk Rudolf Steiners heute zur wirklich lebendigen Quelle der Inspirationen\u00a0f\u00fcr unser menschliches Leben,f\u00fcr die L\u00f6sung\u00a0<\/span><br \/>\n<span style=\"color: #666699;\">der gegenw\u00e4rtigen Probleme der Welt machen will, muss das bereits angebrochene Christus-Ereignis im \u00c4therischen und seine wahren Folgen real ber\u00fccksichtigen.\u00a0Ohne diesen bewussten Griff kann man heute das Werk Rudolf Steiners in seiner eigentlichen Geistesbotschaft nicht mehr richtig verstehen.\u00a0<\/span><br \/>\n<span style=\"color: #666699;\">Seine Vortr\u00e4ge und Schriften m\u00fcssen sonst immer mehr zu den toten Weisheitsspr\u00fcchen werden, die nur noch dogmatisch und willk\u00fcrlich interpretiert werden k\u00f6nnen.\u00bb\u00a0Junko Althaus Kamiyoshikawa<\/span><br \/>\n<strong><br \/>\n<\/strong><\/span><\/h3>\n","protected":false},"excerpt":{"rendered":"<h1><strong><span style=\"color: #003366;\"><br \/>\n<span style=\"color: #000000;\">Eine kritische Betrachtung der Schrift \u00abRudolf Steiner und die Meister des esoterischen Christentums\u00bb von\u00a0Sergej O. Prokofieff<\/span><\/span><br \/>\n<\/strong><\/h1>\n<h2><strong>Junko Althaus Kamiyoshikawa<\/strong><\/h2>\n<p>Voraussichtlich wird das Buch ab 10. 10. 2019 erh\u00e4ltlich.<br \/>\n<strong>ISBN 978-3-906160-17-7<\/strong><\/p>\n","protected":false},"featured_media":270,"comment_status":"closed","ping_status":"closed","template":"","meta":[],"product_brand":[],"product_cat":[23],"product_tag":[],"class_list":{"0":"post-269","1":"product","2":"type-product","3":"status-publish","4":"has-post-thumbnail","6":"product_cat-unkategorisiert","8":"first","9":"instock","10":"shipping-taxable","11":"purchasable","12":"product-type-simple"},"_links":{"self":[{"href":"https:\/\/jakchosverlag.ch\/wbs\/wp-json\/wp\/v2\/product\/269"}],"collection":[{"href":"https:\/\/jakchosverlag.ch\/wbs\/wp-json\/wp\/v2\/product"}],"about":[{"href":"https:\/\/jakchosverlag.ch\/wbs\/wp-json\/wp\/v2\/types\/product"}],"replies":[{"embeddable":true,"href":"https:\/\/jakchosverlag.ch\/wbs\/wp-json\/wp\/v2\/comments?post=269"}],"wp:featuredmedia":[{"embeddable":true,"href":"https:\/\/jakchosverlag.ch\/wbs\/wp-json\/wp\/v2\/media\/270"}],"wp:attachment":[{"href":"https:\/\/jakchosverlag.ch\/wbs\/wp-json\/wp\/v2\/media?parent=269"}],"wp:term":[{"taxonomy":"product_brand","embeddable":true,"href":"https:\/\/jakchosverlag.ch\/wbs\/wp-json\/wp\/v2\/product_brand?post=269"},{"taxonomy":"product_cat","embeddable":true,"href":"https:\/\/jakchosverlag.ch\/wbs\/wp-json\/wp\/v2\/product_cat?post=269"},{"taxonomy":"product_tag","embeddable":true,"href":"https:\/\/jakchosverlag.ch\/wbs\/wp-json\/wp\/v2\/product_tag?post=269"}],"curies":[{"name":"wp","href":"https:\/\/api.w.org\/{rel}","templated":true}]}}