{"id":214,"date":"2015-05-05T12:27:57","date_gmt":"2015-05-05T11:27:57","guid":{"rendered":"https:\/\/node165994-env-6762686.jcloud-ver-jpc.ik-server.com\/?post_type=product&#038;p=214"},"modified":"2025-04-16T10:57:48","modified_gmt":"2025-04-16T09:57:48","slug":"persephoneia-im-spiegel-der-wandlung-der-menschheit","status":"publish","type":"product","link":"https:\/\/jakchosverlag.ch\/wbs\/product\/persephoneia-im-spiegel-der-wandlung-der-menschheit","title":{"rendered":"PERSEPHONEIA im Spiegel der Wandlung der Menschheit"},"content":{"rendered":"<p>&nbsp;<\/p>\n<p>Dieser Buchartikel ist leider momentan vergriffen.<\/p>\n<p style=\"padding-left: 30px;text-align: left\"><strong>\u00ab<\/strong>\u00a0<strong>In<\/strong><strong>\u00a0jenem Zeitabschnitt der Dreissiger und Vierzigerjahre des 20. Jahrhunderts brach das Ereignis der \u00e4therischen Wiederkunft Christi in m\u00e4chtigen Wogen \u00fcber die Menschheit herein. Die einzigartige Einwirkung der Wiederkunft bestimmte \u2013 in einmaliger Intensit\u00e4t \u2013 den Charakter des Mysterienspiels <em>Persephoneia <\/em>Ita Wegmans mit<em>. <\/em>Aus diesem Grund ist dieses Mysterienspiel \u2013 welches bis heute noch kaum entschl\u00fcsselt ist \u2013 ein kostbares Dokument f\u00fcr den Anbruch der Wiederkunft Christi.\u00bb<\/strong><\/p>\n<p><strong>\u25bc Inhalt \u00a0der Schrift<\/strong><\/p>\n<p><strong>Kapitel 1<br \/>\n<em>Persephoneia<\/em> und das Hereinbrechen\u00a0<\/strong><br \/>\n<strong> der \u00e4therischen Wiederkunft Christi<\/strong><\/p>\n<p>&#8211; Die Wiederkunft und die Geburt des <em>Persephoneia<\/em>-Spiels<br \/>\n&#8211; Die R\u00fcckkehr der <em>Persephoneia<\/em> durch Emanuel Zeylmans<br \/>\n&#8211; <em>Persephoneia<\/em> und das Hereinbrechen der Wandlung der Menschheit<\/p>\n<p><strong><br \/>\nKapitel 2<\/strong><br \/>\n<strong>Die Geistaufgabe Ita Wegmanns und Rudolf Steiners<\/strong><br \/>\n<strong> an dem neuen <em>Persephoneia-Mythos<\/em><\/strong><\/p>\n<p>&#8211; Persephoneia und ihre Mission f\u00fcr die Erdgeister<br \/>\n&#8211; Geistpr\u00e4senz des Individuums Rudolf Steiners nach seinem Tod<br \/>\n&#8211; Christusbegegnung Ita Wegmanns im Jahr 1934<\/p>\n<p><strong><br \/>\nKapitel 3<\/strong><br \/>\n<strong>Persephoneia-Dyonysos-Mysterien und<\/strong><br \/>\n<strong> neue \u00c4therf\u00e4higkeit<\/strong><\/p>\n<p>&#8211; Die Bodhisattva-Natur der Persephoneia<br \/>\n&#8211; Der Verlust des lebendigen Geist-Erlebens \u2013 der einsame Dionysos<br \/>\n&#8211; Persephoneia-Natura in der Welt der Inspiration<br \/>\n&#8211; Persephoneia-Natura in inniger Ergebenheit \u2013 von der Inspiration zur Intuition<br \/>\n&#8211; Dionysos \u2013 das \u00c4therdenken und die Auferstehungsleiblichkeit<br \/>\n&#8211; Ablauf des Kali Yoga und die Geburt neuer Kr\u00e4fte im Menschen<br \/>\n&#8211; Die neuen Gemeinschaftskr\u00e4fte von Dionysos<br \/>\n&#8211; Heilkunst und Liebe der Persephoneia-Natura<\/p>\n<p><strong>Schlussbetrachtung<\/strong><\/p>\n<p>&nbsp;<\/p>\n<p>&nbsp;<\/p>\n<p>&nbsp;<\/p>\n<p>&nbsp;<\/p>\n","protected":false},"excerpt":{"rendered":"<p><strong>Junko Althaus<\/strong><\/p>\n<p>Taschenbuch-Ausgabe<br \/>\nISBN: 978-3-906160-15-3<\/p>\n","protected":false},"featured_media":238,"comment_status":"closed","ping_status":"closed","template":"","meta":[],"product_brand":[],"product_cat":[23],"product_tag":[],"class_list":{"0":"post-214","1":"product","2":"type-product","3":"status-publish","4":"has-post-thumbnail","6":"product_cat-unkategorisiert","8":"first","9":"instock","10":"shipping-taxable","11":"purchasable","12":"product-type-simple"},"_links":{"self":[{"href":"https:\/\/jakchosverlag.ch\/wbs\/wp-json\/wp\/v2\/product\/214"}],"collection":[{"href":"https:\/\/jakchosverlag.ch\/wbs\/wp-json\/wp\/v2\/product"}],"about":[{"href":"https:\/\/jakchosverlag.ch\/wbs\/wp-json\/wp\/v2\/types\/product"}],"replies":[{"embeddable":true,"href":"https:\/\/jakchosverlag.ch\/wbs\/wp-json\/wp\/v2\/comments?post=214"}],"wp:featuredmedia":[{"embeddable":true,"href":"https:\/\/jakchosverlag.ch\/wbs\/wp-json\/wp\/v2\/media\/238"}],"wp:attachment":[{"href":"https:\/\/jakchosverlag.ch\/wbs\/wp-json\/wp\/v2\/media?parent=214"}],"wp:term":[{"taxonomy":"product_brand","embeddable":true,"href":"https:\/\/jakchosverlag.ch\/wbs\/wp-json\/wp\/v2\/product_brand?post=214"},{"taxonomy":"product_cat","embeddable":true,"href":"https:\/\/jakchosverlag.ch\/wbs\/wp-json\/wp\/v2\/product_cat?post=214"},{"taxonomy":"product_tag","embeddable":true,"href":"https:\/\/jakchosverlag.ch\/wbs\/wp-json\/wp\/v2\/product_tag?post=214"}],"curies":[{"name":"wp","href":"https:\/\/api.w.org\/{rel}","templated":true}]}}