{"id":24,"date":"2014-03-21T14:48:46","date_gmt":"2014-03-21T13:48:46","guid":{"rendered":"https:\/\/node165994-env-6762686.jcloud-ver-jpc.ik-server.com\/wbs\/?page_id=24"},"modified":"2014-03-29T09:25:22","modified_gmt":"2014-03-29T08:25:22","slug":"verlag","status":"publish","type":"page","link":"https:\/\/jakchosverlag.ch\/wbs\/verlag","title":{"rendered":"Verlag"},"content":{"rendered":"<p><span style=\"color: #800000;\"><b>Die \u00abSchule Jakchos\u00bb und ihre Forschungs- und Bildungsarbeit<\/b><\/span><\/p>\n<p>Der<strong> Jakchos Verlag<\/strong> wurde 2013 der <strong>Schule Jakchos<\/strong> angegliedert, um die Forschungsergebnisse, die in der Schule erarbeitet wurden, in einer schriftlichen Form zu ver\u00f6ffentlichen.<\/p>\n<p>Die Gr\u00fcndung der Schule Jakchos in Z\u00fcrich geht auf das Jahr 1996 zur\u00fcck. Seither konzentrierte sich Christian Althaus darauf, praktische Gesichtspunkte in der Auseinandersetzung mit dem Werk Rudolf Steiners f\u00fcr die Kunst und f\u00fcr das Verst\u00e4ndnis der menschlichen Biographie herauszufinden. Aus diesen Bem\u00fchungen kam an der Schule neben seiner T\u00e4tigkeit als Sprachgestalter die langj\u00e4hrige Durchf\u00fchrung von Seminaren und die Ausbildung in Biographiearbeit zustande. Anhand von Hinweisen Rudolf Steiners wurden die Gesetzm\u00e4ssigkeiten, die der menschlichen Biographie zugrunde liegen, ausgearbeitet.<\/p>\n<p>Seit 2005 ist Junko Althaus (damals noch Junko Hill) Mitarbeiterin der Schule. Eine fruchtbare Zusammenarbeit f\u00f6rderte die intensive Kristallisierung der zuvor schon angelegten Erkenntnismethoden bez\u00fcglich der biographischen Fragen. Die von nun an gemeinsam erarbeiteten methodischen Grundlagen stellten in den letzten Jahren ein eigenst\u00e4ndiges Arbeitsfundament der Schule Jakchos dar.<\/p>\n<p><b><br \/>\n<span style=\"color: #800000;\">Schriftliche Ver\u00f6ffentlichung der Forschungsergebnisse und der Arbeitsgrundlage<\/span><br \/>\n<\/b><\/p>\n<p>Immer wieder wurde nachgefragt, ob die Inhalte, die z.B. in einem Kurs vermittelt wurden, in schriftlicher Form nachzulesen w\u00e4ren. Doch wie bereits erw\u00e4hnt, wird der weitaus gr\u00f6sste Teil der Lehr- und Schulungsinhalte, die wir in der Schule Jakchos anwenden, originell von uns erarbeitet. Es wurde von uns zwar immer auf die Vortr\u00e4ge und die Schriften Rudolf Steiners hingewiesen, die einen unmittelbaren Bezug auf die Lehrinhalte haben, sie waren jedoch meistens nicht ausreichend f\u00fcr diejenigen, die sich eine gr\u00fcndliche Vor- oder Nacharbeit per Literatur erhofften. Das h\u00e4ngt damit zusammen, dass unsere Lehrinhalte nicht nur theoretisch aus dem Werk Rudolf Steiners \u00fcbernommen, sondern im Prinzip an konkreten Biographien empirisch \u00fcberpr\u00fcft werden, bevor sie in die Kurse einfliessen. In der Weise wurden die Forschungsergebnisse bisher stets aktualisiert, sodass sie in den folgenden Seminaren in aktueller Form neu eingesetzt werden konnten. Durch eine solche Wechselwirkung zwischen Forschen und Praktizieren haben die Arbeitsinhalte eine wesentliche Vertiefung erfahren. Allerdings ist in diesem lebendigen Prozess lange Zeit das schriftliche Festhalten der Inhalte ausgeblieben.<\/p>\n<p>Um den Extrakt der Forschung aus den letzten Jahren \u2013 als <i>Grundwerkzeuge<\/i> biographischer Erkenntnis \u2013 in schriftlicher Form zu ver\u00f6ffentlichen, wurde von uns der Verlag gegr\u00fcndet. Biographische Grundfragen, Erkenntnismethoden, praktisch anwendbare Gesetzm\u00e4ssigkeiten, die bisher nur in unmittelbarer Arbeit mit uns innerhalb der Schule Jakchos vermittelt werden konnten, sollen in Zukunft \u00fcber den Verlag auch einem breiteren Publikum zug\u00e4nglich gemacht werden.<\/p>\n<p><b>\u00a0<\/b><\/p>\n","protected":false},"excerpt":{"rendered":"<p>Die \u00abSchule Jakchos\u00bb und ihre Forschungs- und Bildungsarbeit Der Jakchos Verlag wurde 2013 der Schule Jakchos angegliedert, um die Forschungsergebnisse, die in der Schule erarbeitet wurden, in einer schriftlichen Form zu ver\u00f6ffentlichen. Die Gr\u00fcndung der Schule Jakchos in Z\u00fcrich geht auf das Jahr 1996 zur\u00fcck. Seither konzentrierte sich Christian Althaus darauf, praktische Gesichtspunkte in der Auseinandersetzung mit dem Werk Rudolf Steiners f\u00fcr die Kunst und f\u00fcr das Verst\u00e4ndnis der menschlichen Biographie herauszufinden. Aus diesen Bem\u00fchungen kam an der Schule neben seiner T\u00e4tigkeit als Sprachgestalter die langj\u00e4hrige Durchf\u00fchrung von Seminaren und die Ausbildung in Biographiearbeit zustande. Anhand von Hinweisen Rudolf Steiners wurden die Gesetzm\u00e4ssigkeiten, die der menschlichen Biographie zugrunde liegen, ausgearbeitet. [&hellip;]<\/p>\n","protected":false},"author":8,"featured_media":0,"parent":0,"menu_order":0,"comment_status":"closed","ping_status":"open","template":"","meta":{"footnotes":""},"class_list":["post-24","page","type-page","status-publish","hentry"],"_links":{"self":[{"href":"https:\/\/jakchosverlag.ch\/wbs\/wp-json\/wp\/v2\/pages\/24"}],"collection":[{"href":"https:\/\/jakchosverlag.ch\/wbs\/wp-json\/wp\/v2\/pages"}],"about":[{"href":"https:\/\/jakchosverlag.ch\/wbs\/wp-json\/wp\/v2\/types\/page"}],"author":[{"embeddable":true,"href":"https:\/\/jakchosverlag.ch\/wbs\/wp-json\/wp\/v2\/users\/8"}],"replies":[{"embeddable":true,"href":"https:\/\/jakchosverlag.ch\/wbs\/wp-json\/wp\/v2\/comments?post=24"}],"version-history":[{"count":12,"href":"https:\/\/jakchosverlag.ch\/wbs\/wp-json\/wp\/v2\/pages\/24\/revisions"}],"predecessor-version":[{"id":78,"href":"https:\/\/jakchosverlag.ch\/wbs\/wp-json\/wp\/v2\/pages\/24\/revisions\/78"}],"wp:attachment":[{"href":"https:\/\/jakchosverlag.ch\/wbs\/wp-json\/wp\/v2\/media?parent=24"}],"curies":[{"name":"wp","href":"https:\/\/api.w.org\/{rel}","templated":true}]}}