{"id":2,"date":"2014-03-20T09:34:29","date_gmt":"2014-03-20T09:34:29","guid":{"rendered":"http:\/\/localhost\/wordpress-3.8\/wordpress\/?page_id=2"},"modified":"2024-12-02T11:24:01","modified_gmt":"2024-12-02T10:24:01","slug":"sample-page","status":"publish","type":"page","link":"https:\/\/jakchosverlag.ch\/wbs\/sample-page","title":{"rendered":"Kontakt"},"content":{"rendered":"<p><strong style=\"line-height: 1.714285714; font-size: 1rem;\">Jakchos Verlag<br \/>\n<\/strong>c\/o<br \/>\nSt\u00fc\u00fcrlade GmbH<br \/>\nOttikerstrasse 9<br \/>\nCH-8006 Z\u00fcrich<br \/>\n<span style=\"font-size: 1rem;\">kontakt@jakchos.ch<\/span><\/p>\n<p>&nbsp;<\/p>\n<p style=\"text-align: center;\">\n","protected":false},"excerpt":{"rendered":"<p>Jakchos Verlag c\/o St\u00fc\u00fcrlade GmbH Ottikerstrasse 9 CH-8006 Z\u00fcrich kontakt@jakchos.ch &nbsp;<\/p>\n","protected":false},"author":8,"featured_media":0,"parent":0,"menu_order":0,"comment_status":"closed","ping_status":"open","template":"","meta":{"footnotes":""},"class_list":["post-2","page","type-page","status-publish","hentry"],"_links":{"self":[{"href":"https:\/\/jakchosverlag.ch\/wbs\/wp-json\/wp\/v2\/pages\/2"}],"collection":[{"href":"https:\/\/jakchosverlag.ch\/wbs\/wp-json\/wp\/v2\/pages"}],"about":[{"href":"https:\/\/jakchosverlag.ch\/wbs\/wp-json\/wp\/v2\/types\/page"}],"author":[{"embeddable":true,"href":"https:\/\/jakchosverlag.ch\/wbs\/wp-json\/wp\/v2\/users\/8"}],"replies":[{"embeddable":true,"href":"https:\/\/jakchosverlag.ch\/wbs\/wp-json\/wp\/v2\/comments?post=2"}],"version-history":[{"count":14,"href":"https:\/\/jakchosverlag.ch\/wbs\/wp-json\/wp\/v2\/pages\/2\/revisions"}],"predecessor-version":[{"id":333,"href":"https:\/\/jakchosverlag.ch\/wbs\/wp-json\/wp\/v2\/pages\/2\/revisions\/333"}],"wp:attachment":[{"href":"https:\/\/jakchosverlag.ch\/wbs\/wp-json\/wp\/v2\/media?parent=2"}],"curies":[{"name":"wp","href":"https:\/\/api.w.org\/{rel}","templated":true}]}}